{"id":4688,"date":"2021-11-26T13:30:39","date_gmt":"2021-11-26T13:30:39","guid":{"rendered":"https:\/\/avadawebsites.wpengine.com\/classic\/?page_id=4688"},"modified":"2024-10-04T19:23:54","modified_gmt":"2024-10-04T19:23:54","slug":"servicios-ambientales-de-chiriqui","status":"publish","type":"page","link":"http:\/\/somosemg.com\/?page_id=4688","title":{"rendered":"Servicios Ambientales de Chiriqu\u00ed"},"content":{"rendered":"<div class=\"fusion-fullwidth fullwidth-box fusion-builder-row-1 fusion-flex-container has-pattern-background has-mask-background nonhundred-percent-fullwidth non-hundred-percent-height-scrolling fusion-animated\" style=\"--awb-border-radius-top-left:0px;--awb-border-radius-top-right:0px;--awb-border-radius-bottom-right:0px;--awb-border-radius-bottom-left:0px;--awb-padding-top:80px;--awb-padding-bottom:80px;--awb-margin-bottom-medium:80px;--awb-margin-bottom-small:60px;--awb-flex-wrap:wrap;\" data-animationType=\"fadeInUp\" data-animationDuration=\"1.3\" data-animationOffset=\"top-into-view\" ><div class=\"fusion-builder-row fusion-row fusion-flex-align-items-center fusion-flex-content-wrap\" style=\"max-width:1248px;margin-left: calc(-4% \/ 2 );margin-right: calc(-4% \/ 2 );\"><div class=\"fusion-layout-column fusion_builder_column fusion-builder-column-0 fusion_builder_column_1_1 1_1 fusion-flex-column\" style=\"--awb-bg-size:cover;--awb-width-large:100%;--awb-margin-top-large:0px;--awb-spacing-right-large:1.92%;--awb-margin-bottom-large:20px;--awb-spacing-left-large:1.92%;--awb-width-medium:100%;--awb-order-medium:0;--awb-spacing-right-medium:1.92%;--awb-spacing-left-medium:1.92%;--awb-width-small:100%;--awb-order-small:0;--awb-spacing-right-small:1.92%;--awb-spacing-left-small:1.92%;\"><div class=\"fusion-column-wrapper fusion-column-has-shadow fusion-flex-justify-content-flex-start fusion-content-layout-column\"><div class=\"fusion-separator fusion-full-width-sep\" style=\"align-self: center;margin-left: auto;margin-right: auto;margin-top:40px;margin-bottom:40px;width:100%;\"><\/div><\/div><\/div><div class=\"fusion-layout-column fusion_builder_column fusion-builder-column-1 fusion-flex-column\" style=\"--awb-bg-blend:overlay;--awb-bg-size:cover;--awb-width-large:60%;--awb-margin-top-large:0px;--awb-spacing-right-large:3.2%;--awb-margin-bottom-large:0px;--awb-spacing-left-large:6.4%;--awb-width-medium:60%;--awb-spacing-right-medium:3.2%;--awb-spacing-left-medium:6.4%;--awb-width-small:100%;--awb-spacing-right-small:1.92%;--awb-spacing-left-small:1.92%;\"><div class=\"fusion-column-wrapper fusion-flex-justify-content-flex-start fusion-content-layout-column\"><div class=\"fusion-text fusion-text-1 fusion-text-no-margin\" style=\"--awb-content-alignment:justify;--awb-text-color:var(--awb-color7);\"><p data-ccp-props=\"{\"><span data-usefontface=\"false\" data-contrast=\"none\">Servicios Ambientales de Chiriqu\u00ed, S.A. inici\u00f3 operaciones en <\/span><span data-usefontface=\"false\" data-contrast=\"none\">diciembre de 1998) dedicada a la gesti\u00f3n de residuos y <\/span><span data-usefontface=\"false\" data-contrast=\"none\">servicios ambientales. Se encarga de la recolecci\u00f3n, transporte <\/span><span data-usefontface=\"false\" data-contrast=\"none\">y disposici\u00f3n final de desechos s\u00f3lidos, as\u00ed como de otros <\/span><span data-usefontface=\"false\" data-contrast=\"none\">servicios relacionados con el manejo ambiental. Su objetivo es <\/span><span data-usefontface=\"false\" data-contrast=\"none\">promover pr\u00e1cticas sostenibles y mejorar la calidad del <\/span><span data-usefontface=\"false\" data-contrast=\"none\">entorno en la provincia de Chiriqu\u00ed y \u00e1reas circundante a trav\u00e9s <\/span><span data-usefontface=\"false\" data-contrast=\"none\">de la recolecci\u00f3n de basura, barrido de calles y cunetas.<\/span>\u200b<\/p>\n<p data-ccp-props=\"{\">\u200b<\/p>\n<p data-ccp-props=\"{\"><span data-usefontface=\"false\" data-contrast=\"none\">Se encarga del manejo y operaci\u00f3n del vertedero de la ciudad <\/span><span data-usefontface=\"false\" data-contrast=\"none\">de David.<\/span><\/p>\n<\/div><\/div><\/div><div class=\"fusion-layout-column fusion_builder_column fusion-builder-column-2 fusion-flex-column\" style=\"--awb-bg-blend:overlay;--awb-bg-size:cover;--awb-width-large:40%;--awb-margin-top-large:0px;--awb-spacing-right-large:3.84%;--awb-margin-bottom-large:0px;--awb-spacing-left-large:4.8%;--awb-width-medium:40%;--awb-spacing-right-medium:3.84%;--awb-spacing-left-medium:4.8%;--awb-width-small:100%;--awb-spacing-right-small:1.92%;--awb-margin-bottom-small:15px;--awb-spacing-left-small:1.92%;\"><div class=\"fusion-column-wrapper fusion-flex-justify-content-flex-start fusion-content-layout-column\"><div class=\"fusion-image-element \" style=\"--awb-caption-title-font-family:var(--h2_typography-font-family);--awb-caption-title-font-weight:var(--h2_typography-font-weight);--awb-caption-title-font-style:var(--h2_typography-font-style);--awb-caption-title-size:var(--h2_typography-font-size);--awb-caption-title-transform:var(--h2_typography-text-transform);--awb-caption-title-line-height:var(--h2_typography-line-height);--awb-caption-title-letter-spacing:var(--h2_typography-letter-spacing);\"><span class=\" fusion-imageframe imageframe-none imageframe-1 hover-type-none\"><img decoding=\"async\" width=\"768\" height=\"1024\" alt=\"SACH\" title=\"SACH\" src=\"http:\/\/somosemg.com\/wp-content\/uploads\/2024\/08\/03.jpg\" data-orig-src=\"http:\/\/somosemg.com\/wp-content\/uploads\/2024\/08\/03-768x1024.jpg\" class=\"lazyload img-responsive wp-image-5254\" srcset=\"data:image\/svg+xml,%3Csvg%20xmlns%3D%27http%3A%2F%2Fwww.w3.org%2F2000%2Fsvg%27%20width%3D%271280%27%20height%3D%271707%27%20viewBox%3D%270%200%201280%201707%27%3E%3Crect%20width%3D%271280%27%20height%3D%271707%27%20fill-opacity%3D%220%22%2F%3E%3C%2Fsvg%3E\" data-srcset=\"http:\/\/somosemg.com\/wp-content\/uploads\/2024\/08\/03-200x267.jpg 200w, http:\/\/somosemg.com\/wp-content\/uploads\/2024\/08\/03-400x533.jpg 400w, http:\/\/somosemg.com\/wp-content\/uploads\/2024\/08\/03-600x800.jpg 600w, http:\/\/somosemg.com\/wp-content\/uploads\/2024\/08\/03-800x1067.jpg 800w, http:\/\/somosemg.com\/wp-content\/uploads\/2024\/08\/03-1200x1600.jpg 1200w, http:\/\/somosemg.com\/wp-content\/uploads\/2024\/08\/03.jpg 1280w\" data-sizes=\"auto\" data-orig-sizes=\"(max-width: 1024px) 100vw, (max-width: 640px) 100vw, 600px\" \/><\/span><\/div><\/div><\/div><div class=\"fusion-layout-column fusion_builder_column fusion-builder-column-3 fusion_builder_column_1_1 1_1 fusion-flex-column\" style=\"--awb-bg-size:cover;--awb-width-large:100%;--awb-margin-top-large:0px;--awb-spacing-right-large:1.92%;--awb-margin-bottom-large:20px;--awb-spacing-left-large:1.92%;--awb-width-medium:100%;--awb-order-medium:0;--awb-spacing-right-medium:1.92%;--awb-spacing-left-medium:1.92%;--awb-width-small:100%;--awb-order-small:0;--awb-spacing-right-small:1.92%;--awb-spacing-left-small:1.92%;\"><div class=\"fusion-column-wrapper fusion-column-has-shadow fusion-flex-justify-content-flex-start fusion-content-layout-column\"><div class=\"fusion-separator fusion-full-width-sep\" style=\"align-self: center;margin-left: auto;margin-right: auto;margin-top:40px;margin-bottom:40px;width:100%;\"><\/div><\/div><\/div><\/div><\/div>\n","protected":false},"excerpt":{"rendered":"","protected":false},"author":1,"featured_media":0,"parent":0,"menu_order":0,"comment_status":"closed","ping_status":"closed","template":"100-width.php","meta":{"footnotes":""},"class_list":["post-4688","page","type-page","status-publish","hentry"],"yoast_head":"<!-- This site is optimized with the Yoast SEO plugin v27.4 - https:\/\/yoast.com\/product\/yoast-seo-wordpress\/ -->\n<title>Servicios Ambientales de Chiriqu\u00ed - Environmental Management Group<\/title>\n<meta name=\"robots\" content=\"index, follow, max-snippet:-1, max-image-preview:large, max-video-preview:-1\" \/>\n<link rel=\"canonical\" href=\"http:\/\/somosemg.com\/?page_id=4688\" \/>\n<meta property=\"og:locale\" content=\"en_US\" \/>\n<meta property=\"og:type\" content=\"article\" \/>\n<meta property=\"og:title\" content=\"Servicios Ambientales de Chiriqu\u00ed - Environmental Management Group\" \/>\n<meta property=\"og:url\" content=\"http:\/\/somosemg.com\/?page_id=4688\" \/>\n<meta property=\"og:site_name\" content=\"Environmental Management Group\" \/>\n<meta property=\"article:modified_time\" content=\"2024-10-04T19:23:54+00:00\" \/>\n<meta name=\"twitter:card\" content=\"summary_large_image\" \/>\n<meta name=\"twitter:label1\" content=\"Est. reading time\" \/>\n\t<meta name=\"twitter:data1\" content=\"1 minute\" \/>\n<script type=\"application\/ld+json\" class=\"yoast-schema-graph\">{\"@context\":\"https:\\\/\\\/schema.org\",\"@graph\":[{\"@type\":\"WebPage\",\"@id\":\"http:\\\/\\\/somosemg.com\\\/?page_id=4688\",\"url\":\"http:\\\/\\\/somosemg.com\\\/?page_id=4688\",\"name\":\"Servicios Ambientales de Chiriqu\u00ed - Environmental Management Group\",\"isPartOf\":{\"@id\":\"https:\\\/\\\/somosemg.com\\\/#website\"},\"datePublished\":\"2021-11-26T13:30:39+00:00\",\"dateModified\":\"2024-10-04T19:23:54+00:00\",\"breadcrumb\":{\"@id\":\"http:\\\/\\\/somosemg.com\\\/?page_id=4688#breadcrumb\"},\"inLanguage\":\"en-US\",\"potentialAction\":[{\"@type\":\"ReadAction\",\"target\":[\"http:\\\/\\\/somosemg.com\\\/?page_id=4688\"]}]},{\"@type\":\"BreadcrumbList\",\"@id\":\"http:\\\/\\\/somosemg.com\\\/?page_id=4688#breadcrumb\",\"itemListElement\":[{\"@type\":\"ListItem\",\"position\":1,\"name\":\"Home\",\"item\":\"https:\\\/\\\/somosemg.com\\\/\"},{\"@type\":\"ListItem\",\"position\":2,\"name\":\"Servicios Ambientales de Chiriqu\u00ed\"}]},{\"@type\":\"WebSite\",\"@id\":\"https:\\\/\\\/somosemg.com\\\/#website\",\"url\":\"https:\\\/\\\/somosemg.com\\\/\",\"name\":\"Environmental Management Group\",\"description\":\"Por un futuro mas verde\",\"potentialAction\":[{\"@type\":\"SearchAction\",\"target\":{\"@type\":\"EntryPoint\",\"urlTemplate\":\"https:\\\/\\\/somosemg.com\\\/?s={search_term_string}\"},\"query-input\":{\"@type\":\"PropertyValueSpecification\",\"valueRequired\":true,\"valueName\":\"search_term_string\"}}],\"inLanguage\":\"en-US\"}]}<\/script>\n<!-- \/ Yoast SEO plugin. -->","yoast_head_json":{"title":"Servicios Ambientales de Chiriqu\u00ed - Environmental Management Group","robots":{"index":"index","follow":"follow","max-snippet":"max-snippet:-1","max-image-preview":"max-image-preview:large","max-video-preview":"max-video-preview:-1"},"canonical":"http:\/\/somosemg.com\/?page_id=4688","og_locale":"en_US","og_type":"article","og_title":"Servicios Ambientales de Chiriqu\u00ed - Environmental Management Group","og_url":"http:\/\/somosemg.com\/?page_id=4688","og_site_name":"Environmental Management Group","article_modified_time":"2024-10-04T19:23:54+00:00","twitter_card":"summary_large_image","twitter_misc":{"Est. reading time":"1 minute"},"schema":{"@context":"https:\/\/schema.org","@graph":[{"@type":"WebPage","@id":"http:\/\/somosemg.com\/?page_id=4688","url":"http:\/\/somosemg.com\/?page_id=4688","name":"Servicios Ambientales de Chiriqu\u00ed - Environmental Management Group","isPartOf":{"@id":"https:\/\/somosemg.com\/#website"},"datePublished":"2021-11-26T13:30:39+00:00","dateModified":"2024-10-04T19:23:54+00:00","breadcrumb":{"@id":"http:\/\/somosemg.com\/?page_id=4688#breadcrumb"},"inLanguage":"en-US","potentialAction":[{"@type":"ReadAction","target":["http:\/\/somosemg.com\/?page_id=4688"]}]},{"@type":"BreadcrumbList","@id":"http:\/\/somosemg.com\/?page_id=4688#breadcrumb","itemListElement":[{"@type":"ListItem","position":1,"name":"Home","item":"https:\/\/somosemg.com\/"},{"@type":"ListItem","position":2,"name":"Servicios Ambientales de Chiriqu\u00ed"}]},{"@type":"WebSite","@id":"https:\/\/somosemg.com\/#website","url":"https:\/\/somosemg.com\/","name":"Environmental Management Group","description":"Por un futuro mas verde","potentialAction":[{"@type":"SearchAction","target":{"@type":"EntryPoint","urlTemplate":"https:\/\/somosemg.com\/?s={search_term_string}"},"query-input":{"@type":"PropertyValueSpecification","valueRequired":true,"valueName":"search_term_string"}}],"inLanguage":"en-US"}]}},"_links":{"self":[{"href":"http:\/\/somosemg.com\/index.php?rest_route=\/wp\/v2\/pages\/4688","targetHints":{"allow":["GET"]}}],"collection":[{"href":"http:\/\/somosemg.com\/index.php?rest_route=\/wp\/v2\/pages"}],"about":[{"href":"http:\/\/somosemg.com\/index.php?rest_route=\/wp\/v2\/types\/page"}],"author":[{"embeddable":true,"href":"http:\/\/somosemg.com\/index.php?rest_route=\/wp\/v2\/users\/1"}],"replies":[{"embeddable":true,"href":"http:\/\/somosemg.com\/index.php?rest_route=%2Fwp%2Fv2%2Fcomments&post=4688"}],"version-history":[{"count":9,"href":"http:\/\/somosemg.com\/index.php?rest_route=\/wp\/v2\/pages\/4688\/revisions"}],"predecessor-version":[{"id":5792,"href":"http:\/\/somosemg.com\/index.php?rest_route=\/wp\/v2\/pages\/4688\/revisions\/5792"}],"wp:attachment":[{"href":"http:\/\/somosemg.com\/index.php?rest_route=%2Fwp%2Fv2%2Fmedia&parent=4688"}],"curies":[{"name":"wp","href":"https:\/\/api.w.org\/{rel}","templated":true}]}}