{"id":5221,"date":"2024-08-27T18:53:01","date_gmt":"2024-08-27T18:53:01","guid":{"rendered":"http:\/\/somosemg.com\/?page_id=5221"},"modified":"2024-12-16T21:45:27","modified_gmt":"2024-12-16T21:45:27","slug":"politicas","status":"publish","type":"page","link":"http:\/\/somosemg.com\/?page_id=5221","title":{"rendered":"Pol\u00edticas"},"content":{"rendered":"<p><div class=\"fusion-fullwidth fullwidth-box fusion-builder-row-1 fusion-flex-container has-pattern-background has-mask-background nonhundred-percent-fullwidth non-hundred-percent-height-scrolling fusion-animated\" style=\"--awb-border-radius-top-left:0px;--awb-border-radius-top-right:0px;--awb-border-radius-bottom-right:0px;--awb-border-radius-bottom-left:0px;--awb-padding-top:80px;--awb-padding-bottom:80px;--awb-margin-bottom:120px;--awb-margin-bottom-medium:80px;--awb-margin-bottom-small:60px;--awb-flex-wrap:wrap;\" data-animationType=\"fadeInUp\" data-animationDuration=\"1.3\" data-animationOffset=\"top-into-view\" ><div class=\"fusion-builder-row fusion-row fusion-flex-align-items-center fusion-flex-content-wrap\" style=\"max-width:1248px;margin-left: calc(-4% \/ 2 );margin-right: calc(-4% \/ 2 );\"><div class=\"fusion-layout-column fusion_builder_column fusion-builder-column-0 fusion_builder_column_1_1 1_1 fusion-flex-column\" style=\"--awb-bg-blend:overlay;--awb-bg-size:cover;--awb-width-large:100%;--awb-margin-top-large:0px;--awb-spacing-right-large:1.536%;--awb-margin-bottom-large:0px;--awb-spacing-left-large:1.92%;--awb-width-medium:40%;--awb-spacing-right-medium:3.84%;--awb-spacing-left-medium:4.8%;--awb-width-small:100%;--awb-spacing-right-small:1.92%;--awb-margin-bottom-small:15px;--awb-spacing-left-small:1.92%;\"><div class=\"fusion-column-wrapper fusion-flex-justify-content-flex-start fusion-content-layout-column\"><div class=\"fusion-title title fusion-title-1 fusion-title-center fusion-title-text fusion-title-size-three\"><div class=\"title-sep-container title-sep-container-left\"><div class=\"title-sep sep- sep-solid\" style=\"border-color:var(--awb-color3);\"><\/div><\/div><span class=\"awb-title-spacer\"><\/span><h3 class=\"fusion-title-heading title-heading-center\" style=\"margin:0;text-transform:capitalize;\"><span data-olk-copy-source=\"MessageBody\">Pol\u00edticas de Calidad<\/span><\/h3><span class=\"awb-title-spacer\"><\/span><div class=\"title-sep-container title-sep-container-right\"><div class=\"title-sep sep- sep-solid\" style=\"border-color:var(--awb-color3);\"><\/div><\/div><\/div><div class=\"fusion-separator fusion-full-width-sep\" style=\"align-self: center;margin-left: auto;margin-right: auto;margin-top:40px;margin-bottom:40px;width:100%;\"><\/div><div class=\"fusion-text fusion-text-1\" style=\"--awb-content-alignment:justify;\"><p data-olk-copy-source=\"MessageBody\">Somos una empresa enfocada en ofrecer un excelente servicio a la sociedad paname\u00f1a, con el firme compromiso de satisfacer los requerimientos y expectativas de nuestros clientes y las partes interesadas pertinentes, cumpliendo con los requisitos del Sistema de Gesti\u00f3n de la Calidad, dise\u00f1ado e implementado acorde a la Norma Internacional ISO 9001:2015 y con los aspectos legales y reglamentarios aplicables.<\/p>\n<p>Estamos comprometidos con el desarrollo continuo de las competencias de nuestro capital humano, proporcionando un marco de referencia para el establecimiento de objetivos de calidad para la mejora continua de los procesos que constituyen nuestro sistema de gesti\u00f3n de la calidad.<\/p>\n<p>Esta pol\u00edtica de la calidad est\u00e1 disponible como informaci\u00f3n documentada controlada, y es comunicada, entendida y aplicada de forma planificada para su permanente actualizaci\u00f3n.<\/p>\n<\/div><div class=\"fusion-separator fusion-full-width-sep\" style=\"align-self: center;margin-left: auto;margin-right: auto;margin-top:40px;margin-bottom:40px;width:100%;\"><\/div><div style=\"text-align:center;\"><a class=\"fusion-button button-flat fusion-button-default-size button-default fusion-button-default button-1 fusion-button-default-span fusion-button-default-type\" target=\"_blank\" rel=\"noopener noreferrer\" data-hover=\"bg_slide_left\" href=\"http:\/\/somosemg.com\/wp-content\/uploads\/2024\/12\/Politica-de-calidad-PWM-MWM-PPM-SACH.pdf\"><span class=\"fusion-button-text\">Ver pol\u00edticas<\/span><\/a><\/div><\/div><\/div><\/div><\/div><div class=\"fusion-fullwidth fullwidth-box fusion-builder-row-2 fusion-flex-container has-pattern-background has-mask-background nonhundred-percent-fullwidth non-hundred-percent-height-scrolling\" style=\"--awb-border-radius-top-left:0px;--awb-border-radius-top-right:0px;--awb-border-radius-bottom-right:0px;--awb-border-radius-bottom-left:0px;--awb-flex-wrap:wrap;\" ><div class=\"fusion-builder-row fusion-row fusion-flex-align-items-flex-start fusion-flex-content-wrap\" style=\"max-width:1248px;margin-left: calc(-4% \/ 2 );margin-right: calc(-4% \/ 2 );\"><div class=\"fusion-layout-column fusion_builder_column fusion-builder-column-1 fusion_builder_column_1_1 1_1 fusion-flex-column\" style=\"--awb-bg-blend:overlay;--awb-bg-size:cover;--awb-width-large:100%;--awb-margin-top-large:0px;--awb-spacing-right-large:1.536%;--awb-margin-bottom-large:0px;--awb-spacing-left-large:1.92%;--awb-width-medium:40%;--awb-order-medium:0;--awb-spacing-right-medium:3.84%;--awb-spacing-left-medium:4.8%;--awb-width-small:100%;--awb-order-small:0;--awb-spacing-right-small:1.92%;--awb-margin-bottom-small:15px;--awb-spacing-left-small:1.92%;\" data-scroll-devices=\"small-visibility,medium-visibility,large-visibility\"><div class=\"fusion-column-wrapper fusion-column-has-shadow fusion-flex-justify-content-flex-start fusion-content-layout-column\"><div class=\"fusion-title title fusion-title-2 fusion-title-center fusion-title-text fusion-title-size-three\"><div class=\"title-sep-container title-sep-container-left\"><div class=\"title-sep sep- sep-solid\" style=\"border-color:var(--awb-color3);\"><\/div><\/div><span class=\"awb-title-spacer\"><\/span><h3 class=\"fusion-title-heading title-heading-center\" style=\"margin:0;text-transform:capitalize;\"><span data-olk-copy-source=\"MessageBody\">Pol\u00edticas de Salud y Seguridad Ocupacional<\/span><\/h3><span class=\"awb-title-spacer\"><\/span><div class=\"title-sep-container title-sep-container-right\"><div class=\"title-sep sep- sep-solid\" style=\"border-color:var(--awb-color3);\"><\/div><\/div><\/div><div class=\"fusion-separator fusion-full-width-sep\" style=\"align-self: center;margin-left: auto;margin-right: auto;margin-top:40px;margin-bottom:40px;width:100%;\"><\/div><div class=\"fusion-text fusion-text-2\" style=\"--awb-content-alignment:justify;\"><p><span data-olk-copy-source=\"MessageBody\">En Panama Waste Management (PWM), cumplimos con los requisitos del Sistema de Gesti\u00f3n de Seguridad y Salud en el trabajo, dise\u00f1ado e implementado acorde a la Norma Internacional ISO 45001:2018 con los aspectos legales y reglamentarios aplicables.<\/span><\/p>\n<p><b>En materia de Gesti\u00f3n de Seguridad y Salud Ocupacional en el trabajo,\u00a0<\/b>para ello se han establecido los siguientes compromisos:<\/p>\n<ul type=\"disc\">\n<li>Cumplir con la Legislaci\u00f3n vigente y la normativa interna, ejecutando nuestras actividades con el m\u00e1s alto nivel de Seguridad.<\/li>\n<li>Asegurar y mantener un ambiente de trabajo saludable y seguro; con la finalidad de prevenir accidentes, mitigar enfermedades o da\u00f1os a la salud de los empleados, proveedores, clientes y visitantes.<\/li>\n<li>Gestionar los lineamientos y medidas necesarias para garantizar la Seguridad y Salud en las operaciones realizadas.<\/li>\n<li>Control y seguimiento a un plan de respuesta a incidentes y\/o accidentes para abordar cualquier brecha de seguridad de manera efectiva.<\/li>\n<li>Mejorar continuamente promoviendo programas de concientizaci\u00f3n y formaci\u00f3n en seguridad para todos los empleados.<\/li>\n<li>Garantizar el compromiso para la consulta y la participaci\u00f3n de los trabajadores en Sistema de Gesti\u00f3n de la Seguridad y Salud en el Trabajo.<\/li>\n<\/ul>\n<\/div><div class=\"fusion-separator fusion-full-width-sep\" style=\"align-self: center;margin-left: auto;margin-right: auto;margin-top:40px;margin-bottom:40px;width:100%;\"><\/div><div style=\"text-align:center;\"><a class=\"fusion-button button-flat fusion-button-default-size button-default fusion-button-default button-2 fusion-button-default-span fusion-button-default-type\" target=\"_blank\" rel=\"noopener noreferrer\" data-hover=\"bg_slide_left\" href=\"http:\/\/somosemg.com\/wp-content\/uploads\/2024\/09\/F-PWM-SST-PO-01.-POLITICA-DE-SST.pdf\"><span class=\"fusion-button-text\">Ver pol\u00edticas<\/span><\/a><\/div><div class=\"fusion-separator fusion-full-width-sep\" style=\"align-self: center;margin-left: auto;margin-right: auto;margin-top:40px;margin-bottom:40px;width:100%;\"><\/div><\/div><\/div><\/div><\/div><\/p>\n","protected":false},"excerpt":{"rendered":"","protected":false},"author":1,"featured_media":0,"parent":0,"menu_order":0,"comment_status":"closed","ping_status":"closed","template":"100-width.php","meta":{"footnotes":""},"class_list":["post-5221","page","type-page","status-publish","hentry"],"yoast_head":"<!-- This site is optimized with the Yoast SEO plugin v27.4 - https:\/\/yoast.com\/product\/yoast-seo-wordpress\/ -->\n<title>Pol\u00edticas - Environmental Management Group<\/title>\n<meta name=\"robots\" content=\"index, follow, max-snippet:-1, max-image-preview:large, max-video-preview:-1\" \/>\n<link rel=\"canonical\" href=\"http:\/\/somosemg.com\/?page_id=5221\" \/>\n<meta property=\"og:locale\" content=\"en_US\" \/>\n<meta property=\"og:type\" content=\"article\" \/>\n<meta property=\"og:title\" content=\"Pol\u00edticas - Environmental Management Group\" \/>\n<meta property=\"og:url\" content=\"http:\/\/somosemg.com\/?page_id=5221\" \/>\n<meta property=\"og:site_name\" content=\"Environmental Management Group\" \/>\n<meta property=\"article:modified_time\" content=\"2024-12-16T21:45:27+00:00\" \/>\n<meta name=\"twitter:card\" content=\"summary_large_image\" \/>\n<meta name=\"twitter:label1\" content=\"Est. reading time\" \/>\n\t<meta name=\"twitter:data1\" content=\"2 minutes\" \/>\n<script type=\"application\/ld+json\" class=\"yoast-schema-graph\">{\"@context\":\"https:\\\/\\\/schema.org\",\"@graph\":[{\"@type\":\"WebPage\",\"@id\":\"http:\\\/\\\/somosemg.com\\\/?page_id=5221\",\"url\":\"http:\\\/\\\/somosemg.com\\\/?page_id=5221\",\"name\":\"Pol\u00edticas - Environmental Management Group\",\"isPartOf\":{\"@id\":\"https:\\\/\\\/somosemg.com\\\/#website\"},\"datePublished\":\"2024-08-27T18:53:01+00:00\",\"dateModified\":\"2024-12-16T21:45:27+00:00\",\"breadcrumb\":{\"@id\":\"http:\\\/\\\/somosemg.com\\\/?page_id=5221#breadcrumb\"},\"inLanguage\":\"en-US\",\"potentialAction\":[{\"@type\":\"ReadAction\",\"target\":[\"http:\\\/\\\/somosemg.com\\\/?page_id=5221\"]}]},{\"@type\":\"BreadcrumbList\",\"@id\":\"http:\\\/\\\/somosemg.com\\\/?page_id=5221#breadcrumb\",\"itemListElement\":[{\"@type\":\"ListItem\",\"position\":1,\"name\":\"Home\",\"item\":\"https:\\\/\\\/somosemg.com\\\/\"},{\"@type\":\"ListItem\",\"position\":2,\"name\":\"Pol\u00edticas\"}]},{\"@type\":\"WebSite\",\"@id\":\"https:\\\/\\\/somosemg.com\\\/#website\",\"url\":\"https:\\\/\\\/somosemg.com\\\/\",\"name\":\"Environmental Management Group\",\"description\":\"Por un futuro mas verde\",\"potentialAction\":[{\"@type\":\"SearchAction\",\"target\":{\"@type\":\"EntryPoint\",\"urlTemplate\":\"https:\\\/\\\/somosemg.com\\\/?s={search_term_string}\"},\"query-input\":{\"@type\":\"PropertyValueSpecification\",\"valueRequired\":true,\"valueName\":\"search_term_string\"}}],\"inLanguage\":\"en-US\"}]}<\/script>\n<!-- \/ Yoast SEO plugin. -->","yoast_head_json":{"title":"Pol\u00edticas - Environmental Management Group","robots":{"index":"index","follow":"follow","max-snippet":"max-snippet:-1","max-image-preview":"max-image-preview:large","max-video-preview":"max-video-preview:-1"},"canonical":"http:\/\/somosemg.com\/?page_id=5221","og_locale":"en_US","og_type":"article","og_title":"Pol\u00edticas - Environmental Management Group","og_url":"http:\/\/somosemg.com\/?page_id=5221","og_site_name":"Environmental Management Group","article_modified_time":"2024-12-16T21:45:27+00:00","twitter_card":"summary_large_image","twitter_misc":{"Est. reading time":"2 minutes"},"schema":{"@context":"https:\/\/schema.org","@graph":[{"@type":"WebPage","@id":"http:\/\/somosemg.com\/?page_id=5221","url":"http:\/\/somosemg.com\/?page_id=5221","name":"Pol\u00edticas - Environmental Management Group","isPartOf":{"@id":"https:\/\/somosemg.com\/#website"},"datePublished":"2024-08-27T18:53:01+00:00","dateModified":"2024-12-16T21:45:27+00:00","breadcrumb":{"@id":"http:\/\/somosemg.com\/?page_id=5221#breadcrumb"},"inLanguage":"en-US","potentialAction":[{"@type":"ReadAction","target":["http:\/\/somosemg.com\/?page_id=5221"]}]},{"@type":"BreadcrumbList","@id":"http:\/\/somosemg.com\/?page_id=5221#breadcrumb","itemListElement":[{"@type":"ListItem","position":1,"name":"Home","item":"https:\/\/somosemg.com\/"},{"@type":"ListItem","position":2,"name":"Pol\u00edticas"}]},{"@type":"WebSite","@id":"https:\/\/somosemg.com\/#website","url":"https:\/\/somosemg.com\/","name":"Environmental Management Group","description":"Por un futuro mas verde","potentialAction":[{"@type":"SearchAction","target":{"@type":"EntryPoint","urlTemplate":"https:\/\/somosemg.com\/?s={search_term_string}"},"query-input":{"@type":"PropertyValueSpecification","valueRequired":true,"valueName":"search_term_string"}}],"inLanguage":"en-US"}]}},"_links":{"self":[{"href":"http:\/\/somosemg.com\/index.php?rest_route=\/wp\/v2\/pages\/5221","targetHints":{"allow":["GET"]}}],"collection":[{"href":"http:\/\/somosemg.com\/index.php?rest_route=\/wp\/v2\/pages"}],"about":[{"href":"http:\/\/somosemg.com\/index.php?rest_route=\/wp\/v2\/types\/page"}],"author":[{"embeddable":true,"href":"http:\/\/somosemg.com\/index.php?rest_route=\/wp\/v2\/users\/1"}],"replies":[{"embeddable":true,"href":"http:\/\/somosemg.com\/index.php?rest_route=%2Fwp%2Fv2%2Fcomments&post=5221"}],"version-history":[{"count":19,"href":"http:\/\/somosemg.com\/index.php?rest_route=\/wp\/v2\/pages\/5221\/revisions"}],"predecessor-version":[{"id":5865,"href":"http:\/\/somosemg.com\/index.php?rest_route=\/wp\/v2\/pages\/5221\/revisions\/5865"}],"wp:attachment":[{"href":"http:\/\/somosemg.com\/index.php?rest_route=%2Fwp%2Fv2%2Fmedia&parent=5221"}],"curies":[{"name":"wp","href":"https:\/\/api.w.org\/{rel}","templated":true}]}}