{"id":5321,"date":"2024-08-28T00:40:12","date_gmt":"2024-08-28T00:40:12","guid":{"rendered":"http:\/\/somosemg.com\/?page_id=5321"},"modified":"2024-12-16T22:11:24","modified_gmt":"2024-12-16T22:11:24","slug":"proteccion-de-marca-y-o-materiales-varios","status":"publish","type":"page","link":"http:\/\/somosemg.com\/?page_id=5321","title":{"rendered":"Protecci\u00f3n de marca  y\/o materiales varios"},"content":{"rendered":"<p><div class=\"fusion-fullwidth fullwidth-box fusion-builder-row-1 fusion-flex-container has-pattern-background has-mask-background nonhundred-percent-fullwidth non-hundred-percent-height-scrolling fusion-animated\" style=\"--awb-border-radius-top-left:0px;--awb-border-radius-top-right:0px;--awb-border-radius-bottom-right:0px;--awb-border-radius-bottom-left:0px;--awb-padding-top:80px;--awb-padding-bottom:80px;--awb-margin-bottom-medium:80px;--awb-margin-bottom-small:60px;--awb-flex-wrap:wrap;\" data-animationType=\"fadeInUp\" data-animationDuration=\"1.3\" data-animationOffset=\"top-into-view\" ><div class=\"fusion-builder-row fusion-row fusion-flex-align-items-center fusion-flex-content-wrap\" style=\"max-width:1248px;margin-left: calc(-4% \/ 2 );margin-right: calc(-4% \/ 2 );\"><div class=\"fusion-layout-column fusion_builder_column fusion-builder-column-0 fusion_builder_column_1_1 1_1 fusion-flex-column\" style=\"--awb-bg-size:cover;--awb-width-large:100%;--awb-margin-top-large:0px;--awb-spacing-right-large:1.92%;--awb-margin-bottom-large:20px;--awb-spacing-left-large:1.92%;--awb-width-medium:100%;--awb-order-medium:0;--awb-spacing-right-medium:1.92%;--awb-spacing-left-medium:1.92%;--awb-width-small:100%;--awb-order-small:0;--awb-spacing-right-small:1.92%;--awb-spacing-left-small:1.92%;\"><div class=\"fusion-column-wrapper fusion-column-has-shadow fusion-flex-justify-content-flex-start fusion-content-layout-column\"><div class=\"fusion-separator fusion-full-width-sep\" style=\"align-self: center;margin-left: auto;margin-right: auto;margin-top:40px;margin-bottom:40px;width:100%;\"><\/div><\/div><\/div><div class=\"fusion-layout-column fusion_builder_column fusion-builder-column-1 fusion_builder_column_1_2 1_2 fusion-flex-column\" style=\"--awb-bg-blend:overlay;--awb-bg-size:cover;--awb-width-large:50%;--awb-margin-top-large:0px;--awb-spacing-right-large:3.84%;--awb-margin-bottom-large:0px;--awb-spacing-left-large:7.68%;--awb-width-medium:60%;--awb-spacing-right-medium:3.2%;--awb-spacing-left-medium:6.4%;--awb-width-small:100%;--awb-spacing-right-small:1.92%;--awb-spacing-left-small:1.92%;\"><div class=\"fusion-column-wrapper fusion-flex-justify-content-flex-start fusion-content-layout-column\"><div class=\"fusion-text fusion-text-1 fusion-text-no-margin\" style=\"--awb-text-color:var(--awb-color7);\"><p><span class=\"TextRun SCXP185667879 BCX0\" lang=\"ES-PA\" xml:lang=\"ES-PA\" data-usefontface=\"true\" data-contrast=\"none\"><span class=\"NormalTextRun SCXP185667879 BCX0\">Protege tu marca y su reputaci\u00f3n con nuestro <\/span><\/span><span class=\"TextRun SCXP185667879 BCX0\" lang=\"ES-PA\" xml:lang=\"ES-PA\" data-usefontface=\"true\" data-contrast=\"none\"><span class=\"NormalTextRun SCXP185667879 BCX0\">servicio especializado en la destrucci\u00f3n segura <\/span><\/span><span class=\"TextRun SCXP185667879 BCX0\" lang=\"ES-PA\" xml:lang=\"ES-PA\" data-usefontface=\"true\" data-contrast=\"none\"><span class=\"NormalTextRun SCXP185667879 BCX0\">de productos y documentos confidenciales:<\/span><\/span><\/p>\n<\/div><\/div><\/div><div class=\"fusion-layout-column fusion_builder_column fusion-builder-column-2 fusion_builder_column_1_2 1_2 fusion-flex-column\" style=\"--awb-bg-blend:overlay;--awb-bg-size:cover;--awb-width-large:50%;--awb-margin-top-large:0px;--awb-spacing-right-large:3.072%;--awb-margin-bottom-large:0px;--awb-spacing-left-large:3.84%;--awb-width-medium:40%;--awb-spacing-right-medium:3.84%;--awb-spacing-left-medium:4.8%;--awb-width-small:100%;--awb-spacing-right-small:1.92%;--awb-margin-bottom-small:15px;--awb-spacing-left-small:1.92%;\"><div class=\"fusion-column-wrapper fusion-flex-justify-content-flex-start fusion-content-layout-column\"><div class=\"fusion-image-element \" style=\"--awb-caption-title-font-family:var(--h2_typography-font-family);--awb-caption-title-font-weight:var(--h2_typography-font-weight);--awb-caption-title-font-style:var(--h2_typography-font-style);--awb-caption-title-size:var(--h2_typography-font-size);--awb-caption-title-transform:var(--h2_typography-text-transform);--awb-caption-title-line-height:var(--h2_typography-line-height);--awb-caption-title-letter-spacing:var(--h2_typography-letter-spacing);\"><span class=\" fusion-imageframe imageframe-none imageframe-1 hover-type-none\"><img decoding=\"async\" width=\"1920\" height=\"600\" title=\"proteccion de marca contenido\" src=\"http:\/\/somosemg.com\/wp-content\/uploads\/2024\/10\/proteccion-de-marca-contenido.png\" data-orig-src=\"http:\/\/somosemg.com\/wp-content\/uploads\/2024\/10\/proteccion-de-marca-contenido.png\" alt class=\"lazyload img-responsive wp-image-5798\" srcset=\"data:image\/svg+xml,%3Csvg%20xmlns%3D%27http%3A%2F%2Fwww.w3.org%2F2000%2Fsvg%27%20width%3D%271920%27%20height%3D%27600%27%20viewBox%3D%270%200%201920%20600%27%3E%3Crect%20width%3D%271920%27%20height%3D%27600%27%20fill-opacity%3D%220%22%2F%3E%3C%2Fsvg%3E\" data-srcset=\"http:\/\/somosemg.com\/wp-content\/uploads\/2024\/10\/proteccion-de-marca-contenido-200x63.png 200w, http:\/\/somosemg.com\/wp-content\/uploads\/2024\/10\/proteccion-de-marca-contenido-400x125.png 400w, http:\/\/somosemg.com\/wp-content\/uploads\/2024\/10\/proteccion-de-marca-contenido-600x188.png 600w, http:\/\/somosemg.com\/wp-content\/uploads\/2024\/10\/proteccion-de-marca-contenido-800x250.png 800w, http:\/\/somosemg.com\/wp-content\/uploads\/2024\/10\/proteccion-de-marca-contenido-1200x375.png 1200w, http:\/\/somosemg.com\/wp-content\/uploads\/2024\/10\/proteccion-de-marca-contenido.png 1920w\" data-sizes=\"auto\" data-orig-sizes=\"(max-width: 1024px) 100vw, (max-width: 640px) 100vw, 600px\" \/><\/span><\/div><\/div><\/div><div class=\"fusion-layout-column fusion_builder_column fusion-builder-column-3 fusion_builder_column_1_1 1_1 fusion-flex-column\" style=\"--awb-bg-size:cover;--awb-width-large:100%;--awb-margin-top-large:0px;--awb-spacing-right-large:1.92%;--awb-margin-bottom-large:20px;--awb-spacing-left-large:1.92%;--awb-width-medium:100%;--awb-order-medium:0;--awb-spacing-right-medium:1.92%;--awb-spacing-left-medium:1.92%;--awb-width-small:100%;--awb-order-small:0;--awb-spacing-right-small:1.92%;--awb-spacing-left-small:1.92%;\"><div class=\"fusion-column-wrapper fusion-column-has-shadow fusion-flex-justify-content-flex-start fusion-content-layout-column\"><div class=\"fusion-separator fusion-full-width-sep\" style=\"align-self: center;margin-left: auto;margin-right: auto;margin-top:40px;margin-bottom:40px;width:100%;\"><\/div><\/div><\/div><\/div><\/div><div class=\"fusion-fullwidth fullwidth-box fusion-builder-row-2 fusion-flex-container nonhundred-percent-fullwidth non-hundred-percent-height-scrolling\" style=\"--awb-background-position:left top;--awb-border-radius-top-left:0px;--awb-border-radius-top-right:0px;--awb-border-radius-bottom-right:0px;--awb-border-radius-bottom-left:0px;--awb-margin-bottom:40px;--awb-margin-bottom-medium:0px;--awb-flex-wrap:wrap;\" ><div class=\"fusion-builder-row fusion-row fusion-flex-align-items-stretch fusion-flex-content-wrap\" style=\"max-width:1248px;margin-left: calc(-4% \/ 2 );margin-right: calc(-4% \/ 2 );\"><div class=\"fusion-layout-column fusion_builder_column fusion-builder-column-4 fusion_builder_column_1_2 1_2 fusion-flex-column\" style=\"--awb-bg-blend:overlay;--awb-bg-size:cover;--awb-width-large:50%;--awb-margin-top-large:0px;--awb-spacing-right-large:7.5px;--awb-margin-bottom-large:20px;--awb-spacing-left-large:7.5px;--awb-width-medium:50%;--awb-spacing-right-medium:7.5px;--awb-spacing-left-medium:7.5px;--awb-width-small:100%;--awb-spacing-right-small:1.92%;--awb-spacing-left-small:1.92%;\"><div class=\"fusion-column-wrapper fusion-column-has-shadow fusion-flex-justify-content-flex-start fusion-content-layout-column\"><div class=\"fusion-content-boxes content-boxes columns row fusion-columns-1 fusion-columns-total-1 fusion-content-boxes-1 content-boxes-icon-on-top content-left fusion-delayed-animation\" style=\"--awb-title-color:var(--awb-color7);--awb-margin-top:10px;--awb-margin-bottom:0px;--awb-hover-accent-color:var(--awb-color4);--awb-circle-hover-accent-color:var(--awb-color4);--awb-item-margin-bottom:40px;\" data-animation-delay=\"350\" data-animationOffset=\"top-into-view\"><div style=\"--awb-backgroundcolor:rgba(255,255,255,0);\" class=\"fusion-column content-box-column content-box-column content-box-column-1 col-lg-12 col-md-12 col-sm-12 fusion-content-box-hover content-box-column-last content-box-column-last-in-row\"><div class=\"col content-box-wrapper content-wrapper link-area-link-icon content-icon-wrapper-yes icon-hover-animation-slide fusion-animated\" data-animationType=\"fadeInUp\" data-animationDuration=\"1\" data-animationOffset=\"top-into-view\"><div class=\"heading heading-with-icon icon-left\"><div aria-hidden=\"true\" class=\"image\"><img decoding=\"async\" class=\"lazyload\" src=\"data:image\/svg+xml,%3Csvg%20xmlns%3D%27http%3A%2F%2Fwww.w3.org%2F2000%2Fsvg%27%20width%3D%271000%27%20height%3D%271000%27%20viewBox%3D%270%200%201000%201000%27%3E%3Crect%20width%3D%271000%27%20height%3D%271000%27%20fill-opacity%3D%220%22%2F%3E%3C%2Fsvg%3E\" data-orig-src=\"http:\/\/somosemg.com\/wp-content\/uploads\/2024\/09\/7.png\" width=\"128\" height=\"128\" alt=\"\" \/><\/div><h2 class=\"content-box-heading fusion-responsive-typography-calculated\" style=\"--h2_typography-font-size:24px;--fontSize:24;line-height:var(--awb-typography1-line-height);\">Destrucci\u00f3n de Productos de Mala Calidad o Vencidos<\/h2><\/div><div class=\"fusion-clearfix\"><\/div><div class=\"content-container\">\n<p><span class=\"TextRun BCX0 SCXP59655965\" lang=\"ES-ES\" xml:lang=\"ES-ES\" data-usefontface=\"true\" data-contrast=\"none\"><span class=\"NormalTextRun BCX0 SCXP59655965\">Garantizamos la eliminaci\u00f3n segura y completa de productos que no <\/span><\/span><span class=\"TextRun BCX0 SCXP59655965\" lang=\"ES-ES\" xml:lang=\"ES-ES\" data-usefontface=\"true\" data-contrast=\"none\"><span class=\"NormalTextRun BCX0 SCXP59655965\">cumplen con los est\u00e1ndares de calidad o que han vencido, evitando <\/span><\/span><span class=\"TextRun BCX0 SCXP59655965\" lang=\"ES-ES\" xml:lang=\"ES-ES\" data-usefontface=\"true\" data-contrast=\"none\"><span class=\"NormalTextRun BCX0 SCXP59655965\">que lleguen al mercado y comprometan la integridad de tu marca.<\/span><\/span><\/p>\n<\/div><\/div><\/div><div class=\"fusion-clearfix\"><\/div><\/div><\/div><\/div><div class=\"fusion-layout-column fusion_builder_column fusion-builder-column-5 fusion_builder_column_1_2 1_2 fusion-flex-column\" style=\"--awb-bg-blend:overlay;--awb-bg-size:cover;--awb-width-large:50%;--awb-margin-top-large:0px;--awb-spacing-right-large:3.84%;--awb-margin-bottom-large:20px;--awb-spacing-left-large:3.84%;--awb-width-medium:50%;--awb-spacing-right-medium:3.84%;--awb-spacing-left-medium:3.84%;--awb-width-small:100%;--awb-spacing-right-small:1.92%;--awb-spacing-left-small:1.92%;\"><div class=\"fusion-column-wrapper fusion-column-has-shadow fusion-flex-justify-content-flex-start fusion-content-layout-column\"><div class=\"fusion-content-boxes content-boxes columns row fusion-columns-1 fusion-columns-total-1 fusion-content-boxes-2 content-boxes-icon-on-top content-left fusion-delayed-animation\" style=\"--awb-title-color:var(--awb-color7);--awb-margin-top:10px;--awb-margin-bottom:0px;--awb-hover-accent-color:var(--awb-color4);--awb-circle-hover-accent-color:var(--awb-color4);--awb-item-margin-bottom:40px;\" data-animation-delay=\"350\" data-animationOffset=\"top-into-view\"><div style=\"--awb-backgroundcolor:rgba(255,255,255,0);\" class=\"fusion-column content-box-column content-box-column content-box-column-1 col-lg-12 col-md-12 col-sm-12 fusion-content-box-hover content-box-column-last content-box-column-last-in-row\"><div class=\"col content-box-wrapper content-wrapper link-area-link-icon content-icon-wrapper-yes icon-hover-animation-slide fusion-animated\" data-animationType=\"fadeInUp\" data-animationDuration=\"1\" data-animationOffset=\"top-into-view\"><div class=\"heading heading-with-icon icon-left\"><div aria-hidden=\"true\" class=\"image\"><img decoding=\"async\" class=\"lazyload\" src=\"data:image\/svg+xml,%3Csvg%20xmlns%3D%27http%3A%2F%2Fwww.w3.org%2F2000%2Fsvg%27%20width%3D%271000%27%20height%3D%271000%27%20viewBox%3D%270%200%201000%201000%27%3E%3Crect%20width%3D%271000%27%20height%3D%271000%27%20fill-opacity%3D%220%22%2F%3E%3C%2Fsvg%3E\" data-orig-src=\"http:\/\/somosemg.com\/wp-content\/uploads\/2024\/09\/5.png\" width=\"128\" height=\"128\" alt=\"\" \/><\/div><h2 class=\"content-box-heading fusion-responsive-typography-calculated\" style=\"--h2_typography-font-size:24px;--fontSize:24;line-height:var(--awb-typography1-line-height);\">Destrucci\u00f3n de Documentaci\u00f3n Confidencial.<\/h2><\/div><div class=\"fusion-clearfix\"><\/div><div class=\"content-container\">\n<p><span class=\"TextRun SCXP22092537 BCX0\" lang=\"ES-ES\" xml:lang=\"ES-ES\" data-usefontface=\"false\" data-contrast=\"none\"><span class=\"NormalTextRun SCXP22092537 BCX0\">Manejamos con m\u00e1xima discreci\u00f3n y seguridad la destrucci\u00f3n de <\/span><\/span><span class=\"TextRun SCXP22092537 BCX0\" lang=\"ES-ES\" xml:lang=\"ES-ES\" data-usefontface=\"false\" data-contrast=\"none\"><span class=\"NormalTextRun SCXP22092537 BCX0\">documentos confidenciales para prevenir el acceso no autorizado <\/span><\/span><span class=\"TextRun SCXP22092537 BCX0\" lang=\"ES-ES\" xml:lang=\"ES-ES\" data-usefontface=\"false\" data-contrast=\"none\"><span class=\"NormalTextRun SCXP22092537 BCX0\">y proteger informaci\u00f3n sensible.<\/span><\/span><\/p>\n<\/div><\/div><\/div><div class=\"fusion-clearfix\"><\/div><\/div><\/div><\/div><\/div><\/div><div class=\"fusion-fullwidth fullwidth-box fusion-builder-row-3 fusion-flex-container has-pattern-background has-mask-background nonhundred-percent-fullwidth non-hundred-percent-height-scrolling\" style=\"--awb-border-radius-top-left:0px;--awb-border-radius-top-right:0px;--awb-border-radius-bottom-right:0px;--awb-border-radius-bottom-left:0px;--awb-flex-wrap:wrap;\" ><div class=\"fusion-builder-row fusion-row fusion-flex-align-items-flex-start fusion-flex-content-wrap\" style=\"max-width:1248px;margin-left: calc(-4% \/ 2 );margin-right: calc(-4% \/ 2 );\"><div class=\"fusion-layout-column fusion_builder_column fusion-builder-column-6 fusion_builder_column_1_1 1_1 fusion-flex-column\" style=\"--awb-bg-size:cover;--awb-width-large:100%;--awb-margin-top-large:0px;--awb-spacing-right-large:1.92%;--awb-margin-bottom-large:20px;--awb-spacing-left-large:1.92%;--awb-width-medium:100%;--awb-order-medium:0;--awb-spacing-right-medium:1.92%;--awb-spacing-left-medium:1.92%;--awb-width-small:100%;--awb-order-small:0;--awb-spacing-right-small:1.92%;--awb-spacing-left-small:1.92%;\"><div class=\"fusion-column-wrapper fusion-column-has-shadow fusion-flex-justify-content-flex-start fusion-content-layout-column\"><div class=\"fusion-alert alert success alert-success fusion-alert-center awb-alert-native-link-color\" role=\"alert\"><div class=\"fusion-alert-content-wrapper\"><span class=\"alert-icon\"><i class=\"awb-icon-check-circle\" aria-hidden=\"true\"><\/i><\/span><span class=\"fusion-alert-content\"><span class=\"TextRun BCX0 SCXP66762164\" lang=\"ES-ES\" xml:lang=\"ES-ES\" data-usefontface=\"true\" data-contrast=\"none\"><span class=\"NormalTextRun BCX0 SCXP66762164\">Tambi\u00e9n destruimos muebles de oficinas, equipos electr\u00f3nicos, entre otros.<\/span><\/span><\/span><\/div><\/div><div class=\"fusion-separator fusion-full-width-sep\" style=\"align-self: center;margin-left: auto;margin-right: auto;margin-top:20px;margin-bottom:20px;width:100%;\"><\/div><\/div><\/div><\/div><\/div><\/p>\n","protected":false},"excerpt":{"rendered":"","protected":false},"author":1,"featured_media":0,"parent":0,"menu_order":0,"comment_status":"closed","ping_status":"closed","template":"100-width.php","meta":{"footnotes":""},"class_list":["post-5321","page","type-page","status-publish","hentry"],"yoast_head":"<!-- This site is optimized with the Yoast SEO plugin v27.4 - https:\/\/yoast.com\/product\/yoast-seo-wordpress\/ -->\n<title>Protecci\u00f3n de marca y\/o materiales varios - Environmental Management Group<\/title>\n<meta name=\"robots\" content=\"index, follow, max-snippet:-1, max-image-preview:large, max-video-preview:-1\" \/>\n<link rel=\"canonical\" href=\"https:\/\/somosemg.com\/?page_id=5321\" \/>\n<meta property=\"og:locale\" content=\"en_US\" \/>\n<meta property=\"og:type\" content=\"article\" \/>\n<meta property=\"og:title\" content=\"Protecci\u00f3n de marca y\/o materiales varios - Environmental Management Group\" \/>\n<meta property=\"og:url\" content=\"https:\/\/somosemg.com\/?page_id=5321\" \/>\n<meta property=\"og:site_name\" content=\"Environmental Management Group\" \/>\n<meta property=\"article:modified_time\" content=\"2024-12-16T22:11:24+00:00\" \/>\n<meta name=\"twitter:card\" content=\"summary_large_image\" \/>\n<meta name=\"twitter:label1\" content=\"Est. reading time\" \/>\n\t<meta name=\"twitter:data1\" content=\"2 minutes\" \/>\n<script type=\"application\/ld+json\" class=\"yoast-schema-graph\">{\"@context\":\"https:\\\/\\\/schema.org\",\"@graph\":[{\"@type\":\"WebPage\",\"@id\":\"https:\\\/\\\/somosemg.com\\\/?page_id=5321\",\"url\":\"https:\\\/\\\/somosemg.com\\\/?page_id=5321\",\"name\":\"Protecci\u00f3n de marca y\\\/o materiales varios - Environmental Management Group\",\"isPartOf\":{\"@id\":\"https:\\\/\\\/somosemg.com\\\/#website\"},\"datePublished\":\"2024-08-28T00:40:12+00:00\",\"dateModified\":\"2024-12-16T22:11:24+00:00\",\"breadcrumb\":{\"@id\":\"https:\\\/\\\/somosemg.com\\\/?page_id=5321#breadcrumb\"},\"inLanguage\":\"en-US\",\"potentialAction\":[{\"@type\":\"ReadAction\",\"target\":[\"https:\\\/\\\/somosemg.com\\\/?page_id=5321\"]}]},{\"@type\":\"BreadcrumbList\",\"@id\":\"https:\\\/\\\/somosemg.com\\\/?page_id=5321#breadcrumb\",\"itemListElement\":[{\"@type\":\"ListItem\",\"position\":1,\"name\":\"Home\",\"item\":\"https:\\\/\\\/somosemg.com\\\/\"},{\"@type\":\"ListItem\",\"position\":2,\"name\":\"Protecci\u00f3n de marca y\\\/o materiales varios\"}]},{\"@type\":\"WebSite\",\"@id\":\"https:\\\/\\\/somosemg.com\\\/#website\",\"url\":\"https:\\\/\\\/somosemg.com\\\/\",\"name\":\"Environmental Management Group\",\"description\":\"Por un futuro mas verde\",\"potentialAction\":[{\"@type\":\"SearchAction\",\"target\":{\"@type\":\"EntryPoint\",\"urlTemplate\":\"https:\\\/\\\/somosemg.com\\\/?s={search_term_string}\"},\"query-input\":{\"@type\":\"PropertyValueSpecification\",\"valueRequired\":true,\"valueName\":\"search_term_string\"}}],\"inLanguage\":\"en-US\"}]}<\/script>\n<!-- \/ Yoast SEO plugin. -->","yoast_head_json":{"title":"Protecci\u00f3n de marca y\/o materiales varios - Environmental Management Group","robots":{"index":"index","follow":"follow","max-snippet":"max-snippet:-1","max-image-preview":"max-image-preview:large","max-video-preview":"max-video-preview:-1"},"canonical":"https:\/\/somosemg.com\/?page_id=5321","og_locale":"en_US","og_type":"article","og_title":"Protecci\u00f3n de marca y\/o materiales varios - Environmental Management Group","og_url":"https:\/\/somosemg.com\/?page_id=5321","og_site_name":"Environmental Management Group","article_modified_time":"2024-12-16T22:11:24+00:00","twitter_card":"summary_large_image","twitter_misc":{"Est. reading time":"2 minutes"},"schema":{"@context":"https:\/\/schema.org","@graph":[{"@type":"WebPage","@id":"https:\/\/somosemg.com\/?page_id=5321","url":"https:\/\/somosemg.com\/?page_id=5321","name":"Protecci\u00f3n de marca y\/o materiales varios - Environmental Management Group","isPartOf":{"@id":"https:\/\/somosemg.com\/#website"},"datePublished":"2024-08-28T00:40:12+00:00","dateModified":"2024-12-16T22:11:24+00:00","breadcrumb":{"@id":"https:\/\/somosemg.com\/?page_id=5321#breadcrumb"},"inLanguage":"en-US","potentialAction":[{"@type":"ReadAction","target":["https:\/\/somosemg.com\/?page_id=5321"]}]},{"@type":"BreadcrumbList","@id":"https:\/\/somosemg.com\/?page_id=5321#breadcrumb","itemListElement":[{"@type":"ListItem","position":1,"name":"Home","item":"https:\/\/somosemg.com\/"},{"@type":"ListItem","position":2,"name":"Protecci\u00f3n de marca y\/o materiales varios"}]},{"@type":"WebSite","@id":"https:\/\/somosemg.com\/#website","url":"https:\/\/somosemg.com\/","name":"Environmental Management Group","description":"Por un futuro mas verde","potentialAction":[{"@type":"SearchAction","target":{"@type":"EntryPoint","urlTemplate":"https:\/\/somosemg.com\/?s={search_term_string}"},"query-input":{"@type":"PropertyValueSpecification","valueRequired":true,"valueName":"search_term_string"}}],"inLanguage":"en-US"}]}},"_links":{"self":[{"href":"http:\/\/somosemg.com\/index.php?rest_route=\/wp\/v2\/pages\/5321","targetHints":{"allow":["GET"]}}],"collection":[{"href":"http:\/\/somosemg.com\/index.php?rest_route=\/wp\/v2\/pages"}],"about":[{"href":"http:\/\/somosemg.com\/index.php?rest_route=\/wp\/v2\/types\/page"}],"author":[{"embeddable":true,"href":"http:\/\/somosemg.com\/index.php?rest_route=\/wp\/v2\/users\/1"}],"replies":[{"embeddable":true,"href":"http:\/\/somosemg.com\/index.php?rest_route=%2Fwp%2Fv2%2Fcomments&post=5321"}],"version-history":[{"count":9,"href":"http:\/\/somosemg.com\/index.php?rest_route=\/wp\/v2\/pages\/5321\/revisions"}],"predecessor-version":[{"id":5799,"href":"http:\/\/somosemg.com\/index.php?rest_route=\/wp\/v2\/pages\/5321\/revisions\/5799"}],"wp:attachment":[{"href":"http:\/\/somosemg.com\/index.php?rest_route=%2Fwp%2Fv2%2Fmedia&parent=5321"}],"curies":[{"name":"wp","href":"https:\/\/api.w.org\/{rel}","templated":true}]}}